{"id":118,"date":"2017-10-26T19:27:51","date_gmt":"2017-10-26T16:27:51","guid":{"rendered":"http:\/\/psikiyatri.isimneydi.com\/?page_id=118"},"modified":"2026-04-13T17:05:19","modified_gmt":"2026-04-13T14:05:19","slug":"hakkimda","status":"publish","type":"page","link":"https:\/\/hakankaras.com\/?page_id=118","title":{"rendered":"HAKKIMDA"},"content":{"rendered":"<div id='hakkimda'  class='avia-section av-5vqg9q-5930f9f459179e62da734ac1b9f07ae7 main_color avia-section-small avia-no-shadow  avia-builder-el-0  el_before_av_section  avia-builder-el-first  avia-bg-style-scroll container_wrap sidebar_right'  ><div class='container av-section-cont-open' ><main  role=\"main\" itemprop=\"mainContentOfPage\"  class='template-page content  av-content-small alpha units'><div class='post-entry post-entry-type-page post-entry-118'><div class='entry-content-wrapper clearfix'>\n\n<style type=\"text\/css\" data-created_by=\"avia_inline_auto\" id=\"style-css-av-5o6afi-467b57fa5401daf6ebeffe599ccd32fb\">\n.flex_column.av-5o6afi-467b57fa5401daf6ebeffe599ccd32fb{\nborder-radius:0px 0px 0px 0px;\npadding:0px 0px 0px 0px;\n}\n<\/style>\n<div  class='flex_column av-5o6afi-467b57fa5401daf6ebeffe599ccd32fb av_one_full  avia-builder-el-1  avia-builder-el-no-sibling  first flex_column_div av-zero-column-padding  '     ><style type=\"text\/css\" data-created_by=\"avia_inline_auto\" id=\"style-css-av-5jw2qe-df353716769544ca81b72bf2a2f549a7\">\n#top .av_textblock_section.av-5jw2qe-df353716769544ca81b72bf2a2f549a7 .avia_textblock{\nfont-size:14px;\ncolor:#0a0a0a;\n}\n<\/style>\n<section  class='av_textblock_section av-5jw2qe-df353716769544ca81b72bf2a2f549a7 '   itemscope=\"itemscope\" itemtype=\"https:\/\/schema.org\/CreativeWork\" ><div class='avia_textblock av_inherit_color'  itemprop=\"text\" ><div align=\"justify\">\n<p><strong><span style=\"vertical-align: inherit;\"><span style=\"vertical-align: inherit;\"><img loading=\"lazy\" decoding=\"async\" class=\" wp-image-230 alignleft\" src=\"..\/wp-content\/uploads\/2017\/10\/foto-yuz-siyah-ceket.jpg\" alt=\"\" width=\"210\" height=\"208\" srcset=\"https:\/\/hakankaras.com\/wp-content\/uploads\/2017\/10\/foto-yuz-siyah-ceket.jpg 140w, https:\/\/hakankaras.com\/wp-content\/uploads\/2017\/10\/foto-yuz-siyah-ceket-80x80.jpg 80w, https:\/\/hakankaras.com\/wp-content\/uploads\/2017\/10\/foto-yuz-siyah-ceket-36x36.jpg 36w, https:\/\/hakankaras.com\/wp-content\/uploads\/2017\/10\/foto-yuz-siyah-ceket-120x120.jpg 120w\" sizes=\"auto, (max-width: 210px) 100vw, 210px\" \/><\/span><\/span><\/strong><\/p>\n<p><span style=\"color: black; font-family: Verdana; font-size: small;\"><strong>Do\u00e7. Dr. Hakan Kara\u015f<\/strong> 1998-2005 y\u0131llar\u0131 aras\u0131nda Dokuz Eyl\u00fcl \u00dcniversitesi T\u0131p Fak\u00fcltesi&#8217;nde t\u0131p e\u011fitimini tamamlad\u0131. 2006-2011 y\u0131llar\u0131 aras\u0131nda Bak\u0131rk\u00f6y Prof. Dr. Mazhar Osman Ruh ve Sinir Hastal\u0131klar\u0131 E\u011fitim Ara\u015ft\u0131rma Hastenesi\u2018nde psikiyatri ihtisas\u0131n\u0131 tamamlayarak psikiyatri uzman\u0131 oldu. 2011- 2013 y\u0131llar\u0131 aras\u0131nda \u00a0Bolu \u0130zzet Baysal Ruh Sa\u011fl\u0131\u011f\u0131 ve Hastal\u0131klar\u0131 E\u011fitim ve Ara\u015ft\u0131rma Hastanesi&#8217;nde mecburi hizmetini tamamlad\u0131.<\/span><\/p>\n<p><span style=\"color: black; font-family: Verdana; font-size: small;\">2015 y\u0131l\u0131ndan bu yana \u0130stanbul\u2019da serbest hekim olarak \u00e7al\u0131\u015fmaktad\u0131r. Klinik \u00e7al\u0131\u015fmalar\u0131n\u0131n yan\u0131 s\u0131ra Beykent \u00dcniversitesi ve \u0130stanbul Geli\u015fim \u00dcniversitesinde \u00f6\u011fretim \u00fcyesi olarak g\u00f6rev yapm\u0131\u015ft\u0131r. Bu \u00fcniversitelerde psikoloji b\u00f6l\u00fcmlerinin Lisans ve Klinik Psikoloii Y\u00fcksek Lisans Programlar\u0131nda yeti\u015fkin psikopatolojisi ve sosyal psikoloji dersleri verdi. 2022 y\u0131l\u0131nda Psikiyatri Do\u00e7enti unvan\u0131n\u0131 ald\u0131. \u0130stanbul Psikoterapi Okulu&#8217;nun Psikanalitik Psikoterapi E\u011fitim Program\u0131nda e\u011fitmen olarak g\u00f6rev yapmaktad\u0131r.<\/span><\/p>\n<p><span style=\"color: black; font-family: Verdana; font-size: small;\">Muayehanesinde psikiyatrik de\u011ferlendirme, ila\u00e7 tedavisi ve psikanalitik psikoterapi uygulamaktad\u0131r. Uluslararas\u0131 Psikanaliz Birli\u011fi (IPA) ve \u0130stanbul Psikanaliz Derne\u011fi b\u00fcnyesinde psikanaliz formasyonuna devam etmektedir.<\/span><\/p>\n<\/div>\n<\/div><\/section><\/div>\n\n<\/div><\/div><\/main><!-- close content main element --><\/div><\/div>\n<style type=\"text\/css\" data-created_by=\"avia_inline_auto\" id=\"style-css-av-15kf8e-b2526707fc698df986c0268a03edb8e9\">\n.avia-section.av-15kf8e-b2526707fc698df986c0268a03edb8e9{\nbackground-color:#648da3;\nbackground-image:unset;\n}\n<\/style>\n<div id='av_section_2'  class='avia-section av-15kf8e-b2526707fc698df986c0268a03edb8e9 main_color avia-section-default avia-no-shadow  avia-builder-el-3  el_after_av_section  avia-builder-el-last  avia-bg-style-scroll container_wrap sidebar_right'  ><div class='container av-section-cont-open' ><div class='template-page content  av-content-small alpha units'><div class='post-entry post-entry-type-page post-entry-118'><div class='entry-content-wrapper clearfix'>\n\n<style type=\"text\/css\" data-created_by=\"avia_inline_auto\" id=\"style-css-av-zeb3a-7c85393108a5f98ed3ab699485d65801\">\n.flex_column.av-zeb3a-7c85393108a5f98ed3ab699485d65801{\nborder-radius:0px 0px 0px 0px;\npadding:0px 0px 0px 0px;\n}\n<\/style>\n<div  class='flex_column av-zeb3a-7c85393108a5f98ed3ab699485d65801 av_one_fifth  avia-builder-el-4  el_before_av_three_fifth  avia-builder-el-first  first flex_column_div av-zero-column-padding  '     ><\/div>\n<style type=\"text\/css\" data-created_by=\"avia_inline_auto\" id=\"style-css-av-plem6-55784ca02fee14e7ef5e4bbc08b9f246\">\n.flex_column.av-plem6-55784ca02fee14e7ef5e4bbc08b9f246{\nborder-radius:0px 0px 0px 0px;\npadding:0px 0px 0px 0px;\n}\n<\/style>\n<div  class='flex_column av-plem6-55784ca02fee14e7ef5e4bbc08b9f246 av_three_fifth  avia-builder-el-5  el_after_av_one_fifth  el_before_av_one_fifth  flex_column_div av-zero-column-padding  '     ><section  class='av_textblock_section av-k91gm-bc13eb7461a3727c90144716515790d4 '   itemscope=\"itemscope\" itemtype=\"https:\/\/schema.org\/CreativeWork\" ><div class='avia_textblock'  itemprop=\"text\" ><p style=\"text-align: center;\"><a href=\"tel:0535 258 91 24\"><span style=\"color: #dbdada;\">0535 258 91 24<\/span><\/a><\/p>\n<p style=\"text-align: center;\"><span style=\"color: #dbdada;\">hakankaras@yahoo.com<\/span><\/p>\n<p style=\"text-align: center;\"><span style=\"color: #dbdada;\">Ba\u011fdat Caddesi No:270 Ak Apt. D:5<br \/>\nCaddebostan &#8211; Kad\u0131k\u00f6y &#8211;\u00a0<b><\/b>\u0130stanbul \/\u00a0<b><\/b>T\u00fcrkiye<\/span><\/p>\n<div id=\"gtx-trans\" style=\"position: absolute; left: 202px; top: 45.5938px;\">\n<div class=\"gtx-trans-icon\"><\/div>\n<\/div>\n<\/div><\/section><br \/>\n<section  class='av_textblock_section av-f1wku-e7288afd1194873650f2bda738ce2f0d '   itemscope=\"itemscope\" itemtype=\"https:\/\/schema.org\/CreativeWork\" ><div class='avia_textblock'  itemprop=\"text\" ><p style=\"text-align: center;\">\u00a0 \u00a0 \u00a0<a href=\"https:\/\/www.facebook.com\/drhakankaras\/\"><img loading=\"lazy\" decoding=\"async\" class=\"alignnone size-thumbnail wp-image-111\" src=\"..\/wp-content\/uploads\/2017\/10\/face-icon-2-80x80.png\" alt=\"\" width=\"80\" height=\"80\" srcset=\"https:\/\/hakankaras.com\/wp-content\/uploads\/2017\/10\/face-icon-2-80x80.png 80w, https:\/\/hakankaras.com\/wp-content\/uploads\/2017\/10\/face-icon-2-300x300.png 300w, https:\/\/hakankaras.com\/wp-content\/uploads\/2017\/10\/face-icon-2-36x36.png 36w, https:\/\/hakankaras.com\/wp-content\/uploads\/2017\/10\/face-icon-2-180x180.png 180w, https:\/\/hakankaras.com\/wp-content\/uploads\/2017\/10\/face-icon-2-120x120.png 120w, https:\/\/hakankaras.com\/wp-content\/uploads\/2017\/10\/face-icon-2-450x450.png 450w, https:\/\/hakankaras.com\/wp-content\/uploads\/2017\/10\/face-icon-2.png 512w\" sizes=\"auto, (max-width: 80px) 100vw, 80px\" \/><\/a>\u00a0 \u00a0 \u00a0\u00a0<a href=\"https:\/\/twitter.com\/hakankaras\"><img loading=\"lazy\" decoding=\"async\" class=\"alignnone size-thumbnail wp-image-112\" src=\"..\/wp-content\/uploads\/2017\/10\/twitter-icon-2-80x80.png\" alt=\"\" width=\"80\" height=\"80\" srcset=\"https:\/\/hakankaras.com\/wp-content\/uploads\/2017\/10\/twitter-icon-2-80x80.png 80w, https:\/\/hakankaras.com\/wp-content\/uploads\/2017\/10\/twitter-icon-2-300x300.png 300w, https:\/\/hakankaras.com\/wp-content\/uploads\/2017\/10\/twitter-icon-2-36x36.png 36w, https:\/\/hakankaras.com\/wp-content\/uploads\/2017\/10\/twitter-icon-2-180x180.png 180w, https:\/\/hakankaras.com\/wp-content\/uploads\/2017\/10\/twitter-icon-2-120x120.png 120w, https:\/\/hakankaras.com\/wp-content\/uploads\/2017\/10\/twitter-icon-2-450x450.png 450w, https:\/\/hakankaras.com\/wp-content\/uploads\/2017\/10\/twitter-icon-2.png 512w\" sizes=\"auto, (max-width: 80px) 100vw, 80px\" \/><\/a>\u00a0 \u00a0 \u00a0\u00a0<a href=\"https:\/\/www.linkedin.com\/in\/hakan-kara%C5%9F-48611135\/\"><img loading=\"lazy\" decoding=\"async\" class=\"alignnone size-thumbnail wp-image-113\" src=\"..\/wp-content\/uploads\/2017\/10\/linkedn-ico-2-80x80.png\" alt=\"\" width=\"80\" height=\"80\" srcset=\"https:\/\/hakankaras.com\/wp-content\/uploads\/2017\/10\/linkedn-ico-2-80x80.png 80w, https:\/\/hakankaras.com\/wp-content\/uploads\/2017\/10\/linkedn-ico-2-300x300.png 300w, https:\/\/hakankaras.com\/wp-content\/uploads\/2017\/10\/linkedn-ico-2-36x36.png 36w, https:\/\/hakankaras.com\/wp-content\/uploads\/2017\/10\/linkedn-ico-2-180x180.png 180w, https:\/\/hakankaras.com\/wp-content\/uploads\/2017\/10\/linkedn-ico-2-120x120.png 120w, https:\/\/hakankaras.com\/wp-content\/uploads\/2017\/10\/linkedn-ico-2-450x450.png 450w, https:\/\/hakankaras.com\/wp-content\/uploads\/2017\/10\/linkedn-ico-2.png 512w\" sizes=\"auto, (max-width: 80px) 100vw, 80px\" \/><\/a>\u00a0 \u00a0 \u00a0 <a href=\"https:\/\/www.instagram.com\/drhakankaras\/\"><img decoding=\"async\" class=\"alignnone size-thumbnail wp-image-113\" src=\"..\/wp-content\/uploads\/2024\/07\/inst-m.png\" \/><\/a><\/p>\n<\/div><\/section><\/p><\/div>\n<style type=\"text\/css\" data-created_by=\"avia_inline_auto\" id=\"style-css-av-9f6qm-2d5d75c02e02a109aed95638a406d8e6\">\n.flex_column.av-9f6qm-2d5d75c02e02a109aed95638a406d8e6{\nborder-radius:0px 0px 0px 0px;\npadding:0px 0px 0px 0px;\n}\n<\/style>\n<div  class='flex_column av-9f6qm-2d5d75c02e02a109aed95638a406d8e6 av_one_fifth  avia-builder-el-8  el_after_av_three_fifth  avia-builder-el-last  flex_column_div av-zero-column-padding  '     ><\/div><\/div><\/div><\/div><!-- close content main div --><\/div><\/div><div id='after_section_2'  class='main_color av_default_container_wrap container_wrap sidebar_right'  ><div class='container av-section-cont-open' ><div class='template-page content  av-content-small alpha units'><div class='post-entry post-entry-type-page post-entry-118'><div class='entry-content-wrapper clearfix'>\n","protected":false},"excerpt":{"rendered":"","protected":false},"author":3,"featured_media":0,"parent":0,"menu_order":0,"comment_status":"closed","ping_status":"closed","template":"","meta":{"footnotes":""},"class_list":["post-118","page","type-page","status-publish","hentry"],"_links":{"self":[{"href":"https:\/\/hakankaras.com\/index.php?rest_route=\/wp\/v2\/pages\/118","targetHints":{"allow":["GET"]}}],"collection":[{"href":"https:\/\/hakankaras.com\/index.php?rest_route=\/wp\/v2\/pages"}],"about":[{"href":"https:\/\/hakankaras.com\/index.php?rest_route=\/wp\/v2\/types\/page"}],"author":[{"embeddable":true,"href":"https:\/\/hakankaras.com\/index.php?rest_route=\/wp\/v2\/users\/3"}],"replies":[{"embeddable":true,"href":"https:\/\/hakankaras.com\/index.php?rest_route=%2Fwp%2Fv2%2Fcomments&post=118"}],"version-history":[{"count":62,"href":"https:\/\/hakankaras.com\/index.php?rest_route=\/wp\/v2\/pages\/118\/revisions"}],"predecessor-version":[{"id":154,"href":"https:\/\/hakankaras.com\/index.php?rest_route=\/wp\/v2\/pages\/118\/revisions\/154"}],"wp:attachment":[{"href":"https:\/\/hakankaras.com\/index.php?rest_route=%2Fwp%2Fv2%2Fmedia&parent=118"}],"curies":[{"name":"wp","href":"https:\/\/api.w.org\/{rel}","templated":true}]}}